{"id":132548,"date":"2024-06-12T16:17:04","date_gmt":"2024-06-12T16:17:04","guid":{"rendered":"https:\/\/lokalist.com\/faq\/"},"modified":"2024-07-24T14:14:03","modified_gmt":"2024-07-24T14:14:03","slug":"sss","status":"publish","type":"page","link":"https:\/\/lokalist.com\/tr\/sss\/","title":{"rendered":"S\u0131k Sorulan Sorular"},"content":{"rendered":"<div class=\"wpb-content-wrapper\"><p>[vc_row unlock_row_content=&#8221;yes&#8221; row_height_percent=&#8221;0&#8243; back_color=&#8221;color-lxmt&#8221; overlay_alpha=&#8221;50&#8243; gutter_size=&#8221;3&#8243; column_width_percent=&#8221;100&#8243; shift_y=&#8221;0&#8243; z_index=&#8221;0&#8243; uncode_shortcode_id=&#8221;153567&#8243; back_color_type=&#8221;uncode-palette&#8221;][vc_column column_width_percent=&#8221;65&#8243; position_vertical=&#8221;middle&#8221; align_horizontal=&#8221;align_center&#8221; gutter_size=&#8221;3&#8243; override_padding=&#8221;yes&#8221; column_padding=&#8221;2&#8243; overlay_alpha=&#8221;50&#8243; shift_x=&#8221;0&#8243; shift_y=&#8221;0&#8243; shift_y_down=&#8221;0&#8243; z_index=&#8221;0&#8243; medium_width=&#8221;0&#8243; mobile_width=&#8221;0&#8243; width=&#8221;1\/1&#8243; uncode_shortcode_id=&#8221;183232&#8243;][vc_custom_heading text_font=&#8221;font-193098&#8243; text_weight=&#8221;400&#8243; text_italic=&#8221;yes&#8221; uncode_shortcode_id=&#8221;741621&#8243;]Sorular\u0131n\u0131z m\u0131 var?[\/vc_custom_heading][vc_column_text uncode_shortcode_id=&#8221;105415&#8243;]S\u0131k sorulan sorulara g\u00f6z atabilir veya <span style=\"text-decoration: underline;\"><strong><a href=\"mailto:info@lokalist.com\">info@lokalist.com<\/a><\/strong><\/span>\u2018dan bize ula\u015fabilirsiniz.[\/vc_column_text][\/vc_column][\/vc_row][vc_row][vc_column column_width_percent=&#8221;100&#8243; gutter_size=&#8221;0&#8243; override_padding=&#8221;yes&#8221; column_padding=&#8221;2&#8243; overlay_alpha=&#8221;50&#8243; shift_x=&#8221;0&#8243; shift_y=&#8221;0&#8243; shift_y_down=&#8221;0&#8243; z_index=&#8221;0&#8243; medium_width=&#8221;0&#8243; mobile_width=&#8221;0&#8243; width=&#8221;1\/1&#8243; uncode_shortcode_id=&#8221;146778&#8243; css=&#8221;.vc_custom_1720776139036{padding-top: 0px !important;}&#8221;][vc_tabs vertical=&#8221;yes&#8221; typography=&#8221;advanced&#8221; tab_h_border=&#8221;yes&#8221; border_100=&#8221;yes&#8221; tab_custom_size=&#8221;yes&#8221; tab_size=&#8221;2&#8243; tab_gap=&#8221;2&#8243; custom_padding=&#8221;yes&#8221; gutter_tab=&#8221;1&#8243; active_txt_color=&#8221;accent&#8221; titles_font=&#8221;font-955596&#8243; titles_size=&#8221;h5&#8243; titles_weight=&#8221;500&#8243; uncode_shortcode_id=&#8221;212498&#8243; active_txt_color_type=&#8221;uncode-palette&#8221;][vc_tab gutter_size=&#8221;2&#8243; column_padding=&#8221;2&#8243; title=&#8221;Hakk\u0131m\u0131zda&#8221; tab_id=&#8221;1720774356-1-31&#8243;][vc_accordion history=&#8221;yes&#8221; target=&#8221;row&#8221; typography=&#8221;advanced&#8221; content_border=&#8221;yes&#8221; title_padding=&#8221;yes&#8221; gutter_simple=&#8221;1&#8243; active_bg_color=&#8221;color-xsdn&#8221; active_txt_color=&#8221;color-jevc&#8221; titles_font=&#8221;font-955596&#8243; titles_size=&#8221;h6&#8243; titles_weight=&#8221;600&#8243; uncode_shortcode_id=&#8221;171701&#8243; active_bg_color_type=&#8221;uncode-palette&#8221; active_txt_color_type=&#8221;uncode-palette&#8221;][vc_accordion_tab gutter_size=&#8221;2&#8243; column_padding=&#8221;2&#8243; title=&#8221;Lokalist, Istanbul, a Tribute Portfolio Hotel i\u00e7in giri\u015f ve \u00e7\u0131k\u0131\u015f saatleri nedir?&#8221; tab_id=&#8221;1720774356-1-13&#8243;][vc_column_text text_lead=&#8221;small&#8221; uncode_shortcode_id=&#8221;357427&#8243;]Lokalist, Istanbul, a Tribute Portfolio Hotel&#8217;e giri\u015f saati 15:00, \u00e7\u0131k\u0131\u015f saati 12:00&#8217;dir.[\/vc_column_text][\/vc_accordion_tab][vc_accordion_tab gutter_size=&#8221;2&#8243; column_padding=&#8221;2&#8243; title=&#8221;Lokalist, Istanbul, a Tribute Portfolio Hotel evcil hayvan kabul ediyor mu?&#8221; tab_id=&#8221;1720774356-2-55&#8243;][vc_column_text text_lead=&#8221;small&#8221; uncode_shortcode_id=&#8221;146906&#8243;]Lokalist, Istanbul, a Tribute Portfolio Hotel&#8217;in evcil hayvan politikas\u0131 a\u015fa\u011f\u0131daki gibidir:<\/p>\n<p>Evcil hayvanlar kabul edilir.<\/p>\n<p>Konaklama Ba\u015f\u0131na \u0130ade Edilmeyen Evcil Hayvan \u00dccreti: 50 \u20ac<\/p>\n<p>Gecelik \u0130ade Edilmeyen Evcil Hayvan \u00dccreti: 18 \u20ac<\/p>\n<p>Maksimum Evcil Hayvan A\u011f\u0131rl\u0131\u011f\u0131: 8 kg<\/p>\n<p>Odadaki Maksimum Evcil Hayvan Say\u0131s\u0131: 1[\/vc_column_text][\/vc_accordion_tab][vc_accordion_tab gutter_size=&#8221;2&#8243; column_padding=&#8221;2&#8243; title=&#8221;Lokalist, Istanbul, a Tribute Portfolio Hotel&#8217;de otopark imkanlar\u0131 nelerdir?&#8221; tab_id=&#8221;1720774580531-2-0&#8243;][vc_column_text text_lead=&#8221;small&#8221; uncode_shortcode_id=&#8221;143324&#8243;]Lokalist, Istanbul, a Tribute Portfolio Hotel&#8217;de otopark mevcut de\u011fildir.[\/vc_column_text][\/vc_accordion_tab][vc_accordion_tab gutter_size=&#8221;2&#8243; column_padding=&#8221;2&#8243; title=&#8221;Lokalist, \u0130stanbul, a Tribute Portfolio Hotel&#8217;de hangi imkanlar mevcuttur?&#8221; tab_id=&#8221;1720774581631-3-0&#8243;][vc_column_text text_lead=&#8221;small&#8221; uncode_shortcode_id=&#8221;206388&#8243;]Lokalist, Istanbul, a Tribute Portfolio Hotel&#8217;in sundu\u011fu olanaklar a\u015fa\u011f\u0131daki gibidir:<\/p>\n<ul>\n<li>Spor Merkezi<\/li>\n<li>Toplant\u0131 Alan\u0131<\/li>\n<li>Bedava internet<\/li>\n<li>Oda servisi<\/li>\n<li>Mobil anahtar<\/li>\n<\/ul>\n<p>[\/vc_column_text][\/vc_accordion_tab][vc_accordion_tab gutter_size=&#8221;2&#8243; column_padding=&#8221;2&#8243; title=&#8221;Lokalist, \u0130stanbul, a Tribute Portfolio Hotel&#8217;de \u00fccretsiz Wi-Fi var m\u0131?&#8221; tab_id=&#8221;1720774582531-4-4&#8243;][vc_column_text text_lead=&#8221;small&#8221; uncode_shortcode_id=&#8221;213674&#8243;]Evet, Lokalist, \u0130stanbul, a Tribute Portfolio Hotel&#8217;de otel konuklar\u0131na \u00fccretsiz Wi-Fi eri\u015fimi sa\u011flanmaktad\u0131r.[\/vc_column_text][\/vc_accordion_tab][\/vc_accordion][\/vc_tab][vc_tab gutter_size=&#8221;2&#8243; column_padding=&#8221;2&#8243; title=&#8221;Yeme-\u0130\u00e7me&#8221; tab_id=&#8221;1720774356-2-78&#8243;][vc_accordion history=&#8221;yes&#8221; target=&#8221;row&#8221; typography=&#8221;advanced&#8221; content_border=&#8221;yes&#8221; title_padding=&#8221;yes&#8221; gutter_simple=&#8221;1&#8243; active_bg_color=&#8221;color-xsdn&#8221; active_txt_color=&#8221;color-jevc&#8221; titles_font=&#8221;font-955596&#8243; titles_size=&#8221;h6&#8243; titles_weight=&#8221;600&#8243; uncode_shortcode_id=&#8221;169416&#8243; active_bg_color_type=&#8221;uncode-palette&#8221; active_txt_color_type=&#8221;uncode-palette&#8221;][vc_accordion_tab gutter_size=&#8221;2&#8243; column_padding=&#8221;2&#8243; title=&#8221;Lokalist, Istanbul, a Tribute Portfolio Hotel&#8217;in b\u00fcnyesinde hangi restoranlar var?&#8221; tab_id=&#8221;1720774356-1-13&#8243;][vc_column_text text_lead=&#8221;small&#8221; uncode_shortcode_id=&#8221;164519&#8243;]Lokalist, Istanbul, a Tribute Portfolio Hotel b\u00fcnyesinde yer alan restoran Lokal Restoran&#8217;d\u0131r.[\/vc_column_text][\/vc_accordion_tab][vc_accordion_tab gutter_size=&#8221;2&#8243; column_padding=&#8221;2&#8243; title=&#8221;Lokalist, Istanbul, a Tribute Portfolio Hotel oda servisi sunuyor mu?&#8221; tab_id=&#8221;1720774356-2-55&#8243;][vc_column_text text_lead=&#8221;small&#8221; uncode_shortcode_id=&#8221;102278&#8243;]Evet, Lokalist, \u0130stanbul, a Tribute Portfolio Hotel&#8217;de oda servisi mevcuttur.[\/vc_column_text][\/vc_accordion_tab][vc_accordion_tab gutter_size=&#8221;2&#8243; column_padding=&#8221;2&#8243; title=&#8221;Lokalist, Istanbul, a Tribute Portfolio Hotel&#8217;de hangi mutfaklar sunulmaktad\u0131r?&#8221; tab_id=&#8221;1720774580531-2-0&#8243;][vc_column_text text_lead=&#8221;small&#8221; uncode_shortcode_id=&#8221;147557&#8243;]Lokalist, Istanbul, a Tribute Portfolio Hotel&#8217;de Akdeniz ve d\u00fcnya mutfaklar\u0131 sunulmaktad\u0131r.[\/vc_column_text][\/vc_accordion_tab][vc_accordion_tab gutter_size=&#8221;2&#8243; column_padding=&#8221;2&#8243; title=&#8221;Lokalist, Istanbul, a Tribute Portfolio Hotel&#8217;de kahvalt\u0131 se\u00e7enekleri nelerdir?&#8221; tab_id=&#8221;1720774581631-3-0&#8243;][vc_column_text text_lead=&#8221;small&#8221; uncode_shortcode_id=&#8221;413553&#8243;]Lokalist, Istanbul, a Tribute Portfolio Hotel&#8217;de a\u00e7\u0131k b\u00fcfe kahvalt\u0131 sunulmaktad\u0131r.[\/vc_column_text][\/vc_accordion_tab][\/vc_accordion][\/vc_tab][vc_tab gutter_size=&#8221;2&#8243; column_padding=&#8221;2&#8243; title=&#8221;\u0130mkanlar&#8221; tab_id=&#8221;1720774754253-2-8&#8243;][vc_accordion history=&#8221;yes&#8221; target=&#8221;row&#8221; typography=&#8221;advanced&#8221; content_border=&#8221;yes&#8221; title_padding=&#8221;yes&#8221; gutter_simple=&#8221;1&#8243; active_bg_color=&#8221;color-xsdn&#8221; active_txt_color=&#8221;color-jevc&#8221; titles_font=&#8221;font-955596&#8243; titles_size=&#8221;h6&#8243; titles_weight=&#8221;600&#8243; uncode_shortcode_id=&#8221;169416&#8243; active_bg_color_type=&#8221;uncode-palette&#8221; active_txt_color_type=&#8221;uncode-palette&#8221;][vc_accordion_tab gutter_size=&#8221;2&#8243; column_padding=&#8221;2&#8243; title=&#8221;Lokalist, Istanbul, a Tribute Portfolio Hotel&#8217;de ka\u00e7 etkinlik odas\u0131 bulunmaktad\u0131r?&#8221; tab_id=&#8221;1720774356-1-13&#8243;][vc_column_text text_lead=&#8221;small&#8221; uncode_shortcode_id=&#8221;141552&#8243;]Lokalist, Istanbul, a Tribute Portfolio Hotel&#8217;de 2 toplant\u0131 odas\u0131 bulunmaktad\u0131r.[\/vc_column_text][\/vc_accordion_tab][vc_accordion_tab gutter_size=&#8221;2&#8243; column_padding=&#8221;2&#8243; title=&#8221;Lokalist, Istanbul, a Tribute Portfolio Hotel&#8217;in en b\u00fcy\u00fck kapasiteli etkinlik odas\u0131 ka\u00e7 ki\u015filiktir?&#8221; tab_id=&#8221;1720774356-2-55&#8243;][vc_column_text text_lead=&#8221;small&#8221; uncode_shortcode_id=&#8221;122131&#8243;]Lokalist, Istanbul, a Tribute Portfolio Hotel&#8217;in en b\u00fcy\u00fck kapasiteli etkinlik salonu 15 ki\u015fi kapasiteli Bosphorus Toplant\u0131 Odas\u0131&#8217;d\u0131r.[\/vc_column_text][\/vc_accordion_tab][vc_accordion_tab gutter_size=&#8221;2&#8243; column_padding=&#8221;2&#8243; title=&#8221;Lokalist, Istanbul, a Tribute Portfolio Hotel b\u00fcnyesinde spor salonu var m\u0131?&#8221; tab_id=&#8221;1720774580531-2-0&#8243;][vc_column_text text_lead=&#8221;small&#8221; uncode_shortcode_id=&#8221;158393&#8243;]Evet, Lokalist, Istanbul, a Tribute Portfolio Hotel b\u00fcnyesinden otel misafirlerinin kullan\u0131m\u0131 i\u00e7in bir spor salonu bulunmaktad\u0131r.[\/vc_column_text][\/vc_accordion_tab][vc_accordion_tab gutter_size=&#8221;2&#8243; column_padding=&#8221;2&#8243; title=&#8221;Lokalist, Istanbul, a Tribute Portfolio Hotel b\u00fcnyesinde y\u00fczme havuzu var m\u0131?&#8221; tab_id=&#8221;1720774581631-3-0&#8243;][vc_column_text text_lead=&#8221;small&#8221; uncode_shortcode_id=&#8221;802446&#8243;]Hay\u0131r, Lokalist, Istanbul, a Tribute Portfolio Hotel b\u00fcnyesinde bir y\u00fczme havuzu bulunmamaktad\u0131r.[\/vc_column_text][\/vc_accordion_tab][\/vc_accordion][\/vc_tab][vc_tab gutter_size=&#8221;2&#8243; column_padding=&#8221;2&#8243; title=&#8221;Odalar&#8221; tab_id=&#8221;1720774760936-3-0&#8243;][vc_accordion history=&#8221;yes&#8221; target=&#8221;row&#8221; typography=&#8221;advanced&#8221; content_border=&#8221;yes&#8221; title_padding=&#8221;yes&#8221; gutter_simple=&#8221;1&#8243; active_bg_color=&#8221;color-xsdn&#8221; active_txt_color=&#8221;color-jevc&#8221; titles_font=&#8221;font-955596&#8243; titles_size=&#8221;h6&#8243; titles_weight=&#8221;600&#8243; uncode_shortcode_id=&#8221;169416&#8243; active_bg_color_type=&#8221;uncode-palette&#8221; active_txt_color_type=&#8221;uncode-palette&#8221;][vc_accordion_tab gutter_size=&#8221;2&#8243; column_padding=&#8221;2&#8243; title=&#8221;Lokalist, Istanbul, a Tribute Portfolio Hotel odalar\u0131nda \u00e7al\u0131\u015fma alan\u0131 bulunuyor mu?&#8221; tab_id=&#8221;1720774356-1-13&#8243;][vc_column_text text_lead=&#8221;small&#8221; uncode_shortcode_id=&#8221;145048&#8243;]Evet, Lokalist, Istanbul, a Tribute Portfolio Hotel odalar\u0131nda \u00e7al\u0131\u015fma masas\u0131 bulunmaktad\u0131r.[\/vc_column_text][\/vc_accordion_tab][vc_accordion_tab gutter_size=&#8221;2&#8243; column_padding=&#8221;2&#8243; title=&#8221;Lokalist, Istanbul, a Tribute Portfolio Hotel&#8217;de sunulan en b\u00fcy\u00fck oda hangisidir?&#8221; tab_id=&#8221;1720774356-2-55&#8243;][vc_column_text text_lead=&#8221;small&#8221; uncode_shortcode_id=&#8221;414205&#8243;]Lokalist, Istanbul, a Tribute Portfolio Hotel&#8217;de sunulan en b\u00fcy\u00fck oda 6 ki\u015fi kapasiteli \u0130ki Yatak Odal\u0131 Bosphorus Suite&#8217;tir.[\/vc_column_text][\/vc_accordion_tab][vc_accordion_tab gutter_size=&#8221;2&#8243; column_padding=&#8221;2&#8243; title=&#8221;Lokalist, Istanbul, a Tribute Portfolio Hotel&#8217;in herhangi bir odas\u0131nda ek yata\u011fa izin veriliyor mu?&#8221; tab_id=&#8221;1720774580531-2-0&#8243;][vc_column_text text_lead=&#8221;small&#8221; uncode_shortcode_id=&#8221;174680&#8243;]Lokalist, Istanbul, a Tribute Portfolio Hotel&#8217;in baz\u0131 odalar\u0131nda ek yata\u011fa izin verilmektedir. Politika ve fiyatland\u0131rma ayr\u0131nt\u0131lar\u0131 i\u00e7in l\u00fctfen odaya \u00f6zel bilgileri inceleyin.[\/vc_column_text][\/vc_accordion_tab][vc_accordion_tab gutter_size=&#8221;2&#8243; column_padding=&#8221;2&#8243; title=&#8221;Lokalist, Istanbul, a Tribute Portfolio Hotel&#8217;in odalar\u0131nda buzdolab\u0131 var m\u0131?&#8221; tab_id=&#8221;1720774581631-3-0&#8243;][vc_column_text text_lead=&#8221;small&#8221; uncode_shortcode_id=&#8221;136037&#8243;]Hay\u0131r, Lokalist, Istanbul, a Tribute Portfolio Hotel&#8217;in odalar\u0131nda buzdolab\u0131 bulunmamakta, ancak minibar bulunmaktad\u0131r.[\/vc_column_text][\/vc_accordion_tab][vc_accordion_tab gutter_size=&#8221;2&#8243; column_padding=&#8221;2&#8243; title=&#8221;Lokalist, Istanbul, a Tribute Portfolio Hotel&#8217;in odalar\u0131nda kahve\/\u00e7ay makinesi bulunuyor mu?&#8221; tab_id=&#8221;1720774582531-4-4&#8243;][vc_column_text text_lead=&#8221;small&#8221; uncode_shortcode_id=&#8221;144468&#8243;]Evet, Lokalist, Istanbul, a Tribute Portfolio Hotel&#8217;in t\u00fcm odalar\u0131nda yaprak \u00e7ay istasyonu ve Nespresso kahve makineleri bulunmaktad\u0131r.[\/vc_column_text][\/vc_accordion_tab][vc_accordion_tab gutter_size=&#8221;2&#8243; column_padding=&#8221;2&#8243; title=&#8221;Lokalist, Istanbul, a Tribute Portfolio Hotel&#8217;in odalar\u0131nda sa\u00e7 kurutma makinesi var m\u0131?&#8221; tab_id=&#8221;1720774583548-5-5&#8243;][vc_column_text text_lead=&#8221;small&#8221; uncode_shortcode_id=&#8221;362007&#8243;]Evet, Lokalist, Istanbul, a Tribute Portfolio Hotel&#8217;in t\u00fcm odalar\u0131nda sa\u00e7 kurutma makinesi bulunmaktad\u0131r.[\/vc_column_text][\/vc_accordion_tab][\/vc_accordion][\/vc_tab][\/vc_tabs][\/vc_column][\/vc_row]<\/p>\n<\/div>","protected":false},"excerpt":{"rendered":"<p>[vc_row unlock_row_content=&#8221;yes&#8221; row_height_percent=&#8221;0&#8243; back_color=&#8221;color-lxmt&#8221; overlay_alpha=&#8221;50&#8243; gutter_size=&#8221;3&#8243; column_width_percent=&#8221;100&#8243; shift_y=&#8221;0&#8243; z_index=&#8221;0&#8243; uncode_shortcode_id=&#8221;153567&#8243; back_color_type=&#8221;uncode-palette&#8221;][vc_column column_width_percent=&#8221;65&#8243; position_vertical=&#8221;middle&#8221; align_horizontal=&#8221;align_center&#8221; gutter_size=&#8221;3&#8243; override_padding=&#8221;yes&#8221; column_padding=&#8221;2&#8243; overlay_alpha=&#8221;50&#8243; shift_x=&#8221;0&#8243; shift_y=&#8221;0&#8243; [&hellip;]<\/p>\n","protected":false},"author":2,"featured_media":0,"parent":0,"menu_order":0,"comment_status":"closed","ping_status":"closed","template":"","meta":{"_monsterinsights_skip_tracking":false,"_monsterinsights_sitenote_active":false,"_monsterinsights_sitenote_note":"","_monsterinsights_sitenote_category":0,"footnotes":""},"page_tag":[],"class_list":["post-132548","page","type-page","status-publish","hentry"],"_links":{"self":[{"href":"https:\/\/lokalist.com\/tr\/wp-json\/wp\/v2\/pages\/132548","targetHints":{"allow":["GET"]}}],"collection":[{"href":"https:\/\/lokalist.com\/tr\/wp-json\/wp\/v2\/pages"}],"about":[{"href":"https:\/\/lokalist.com\/tr\/wp-json\/wp\/v2\/types\/page"}],"author":[{"embeddable":true,"href":"https:\/\/lokalist.com\/tr\/wp-json\/wp\/v2\/users\/2"}],"replies":[{"embeddable":true,"href":"https:\/\/lokalist.com\/tr\/wp-json\/wp\/v2\/comments?post=132548"}],"version-history":[{"count":1,"href":"https:\/\/lokalist.com\/tr\/wp-json\/wp\/v2\/pages\/132548\/revisions"}],"predecessor-version":[{"id":133745,"href":"https:\/\/lokalist.com\/tr\/wp-json\/wp\/v2\/pages\/132548\/revisions\/133745"}],"wp:attachment":[{"href":"https:\/\/lokalist.com\/tr\/wp-json\/wp\/v2\/media?parent=132548"}],"wp:term":[{"taxonomy":"page_tag","embeddable":true,"href":"https:\/\/lokalist.com\/tr\/wp-json\/wp\/v2\/page_tag?post=132548"}],"curies":[{"name":"wp","href":"https:\/\/api.w.org\/{rel}","templated":true}]}}