{"id":132490,"date":"2024-05-27T13:22:17","date_gmt":"2024-05-27T13:22:17","guid":{"rendered":"https:\/\/lokalist.com\/1-bedroom-suite\/"},"modified":"2024-07-23T10:40:14","modified_gmt":"2024-07-23T10:40:14","slug":"1-yatak-odali-bosphorus-suit","status":"publish","type":"page","link":"https:\/\/lokalist.com\/tr\/1-yatak-odali-bosphorus-suit\/","title":{"rendered":"1 Yatak Odal\u0131 Bosphorus Suit"},"content":{"rendered":"<div class=\"wpb-content-wrapper\"><p>[vc_row unlock_row_content=&#8221;yes&#8221; row_height_percent=&#8221;47&#8243; override_padding=&#8221;yes&#8221; h_padding=&#8221;0&#8243; top_padding=&#8221;0&#8243; bottom_padding=&#8221;0&#8243; overlay_alpha=&#8221;50&#8243; gutter_size=&#8221;0&#8243; column_width_percent=&#8221;0&#8243; shift_y=&#8221;0&#8243; z_index=&#8221;0&#8243; uncode_shortcode_id=&#8221;171448&#8243; row_height_pixel=&#8221;50%&#8221; css=&#8221;.vc_custom_1718273994916{padding-top: 0px !important;padding-right: 0px !important;padding-bottom: 0px !important;padding-left: 0px !important;}&#8221;][vc_column column_width_percent=&#8221;100&#8243; position_horizontal=&#8221;left&#8221; position_vertical=&#8221;middle&#8221; gutter_size=&#8221;0&#8243; override_padding=&#8221;yes&#8221; column_padding=&#8221;0&#8243; overlay_alpha=&#8221;50&#8243; shift_x=&#8221;0&#8243; shift_y=&#8221;0&#8243; shift_y_down=&#8221;0&#8243; z_index=&#8221;0&#8243; medium_width=&#8221;0&#8243; mobile_width=&#8221;0&#8243; width=&#8221;1\/1&#8243; uncode_shortcode_id=&#8221;208879&#8243; css=&#8221;.vc_custom_1718265939705{padding-top: 0px !important;padding-right: 0px !important;padding-bottom: 0px !important;padding-left: 0px !important;}&#8221;][vc_single_image media=&#8221;132483&#8243; media_width_percent=&#8221;100&#8243; media_ratio=&#8221;twentyone-nine&#8221; alignment=&#8221;center&#8221; uncode_shortcode_id=&#8221;399751&#8243;][\/vc_column][\/vc_row][vc_row row_height_percent=&#8221;0&#8243; override_padding=&#8221;yes&#8221; h_padding=&#8221;2&#8243; top_padding=&#8221;2&#8243; bottom_padding=&#8221;2&#8243; overlay_alpha=&#8221;50&#8243; gutter_size=&#8221;3&#8243; column_width_percent=&#8221;100&#8243; shift_y=&#8221;0&#8243; z_index=&#8221;0&#8243; uncode_shortcode_id=&#8221;121675&#8243;][vc_column column_width_percent=&#8221;100&#8243; position_vertical=&#8221;middle&#8221; align_horizontal=&#8221;align_center&#8221; gutter_size=&#8221;2&#8243; overlay_alpha=&#8221;50&#8243; shift_x=&#8221;0&#8243; shift_y=&#8221;0&#8243; shift_y_down=&#8221;0&#8243; z_index=&#8221;0&#8243; medium_width=&#8221;0&#8243; mobile_width=&#8221;0&#8243; width=&#8221;1\/1&#8243; uncode_shortcode_id=&#8221;773698&#8243;][vc_custom_heading text_size=&#8221;h3&#8243; text_weight=&#8221;600&#8243; uncode_shortcode_id=&#8221;878308&#8243;]Bosphorus Suit[\/vc_custom_heading][vc_custom_heading text_size=&#8221;h6&#8243; text_weight=&#8221;500&#8243; text_space=&#8221;fontspace-210350&#8243; uncode_shortcode_id=&#8221;652410&#8243;]BO\u011eAZ VE DEN\u0130Z MANZARASI, 1 YATAK ODASI, 1 KING YATAK, 1 \u00c7EKYAT[\/vc_custom_heading][vc_empty_space empty_h=&#8221;1&#8243;][vc_custom_heading text_size=&#8221;h6&#8243; text_weight=&#8221;600&#8243; uncode_shortcode_id=&#8221;897844&#8243;]31 &#8211; 35 m\u00b2[\/vc_custom_heading][vc_empty_space empty_h=&#8221;1&#8243;][vc_button size=&#8221;btn-lg&#8221; outline=&#8221;yes&#8221; border_width=&#8221;0&#8243; link=&#8221;url:https%3A%2F%2Fwww.marriott.com%2Fen-us%2Fhotels%2Fistts-lokalist-istanbul-a-tribute-portfolio-hotel%2Frooms%2F%23roomPoolCode%3Dking|target:_blank&#8221; uncode_shortcode_id=&#8221;946888&#8243;]Rezervasyon yap[\/vc_button][\/vc_column][\/vc_row][vc_row row_height_percent=&#8221;0&#8243; back_color=&#8221;color-lxmt&#8221; overlay_alpha=&#8221;50&#8243; gutter_size=&#8221;3&#8243; column_width_percent=&#8221;100&#8243; shift_y=&#8221;0&#8243; z_index=&#8221;0&#8243; top_divider=&#8221;step_3_4&#8243; medium_visibility=&#8221;yes&#8221; mobile_visibility=&#8221;yes&#8221; uncode_shortcode_id=&#8221;224461&#8243; back_color_type=&#8221;uncode-palette&#8221;][vc_column column_width_percent=&#8221;100&#8243; position_horizontal=&#8221;right&#8221; position_vertical=&#8221;middle&#8221; gutter_size=&#8221;3&#8243; override_padding=&#8221;yes&#8221; column_padding=&#8221;2&#8243; overlay_alpha=&#8221;50&#8243; shift_x=&#8221;0&#8243; shift_y=&#8221;0&#8243; shift_y_down=&#8221;0&#8243; z_index=&#8221;0&#8243; medium_width=&#8221;0&#8243; mobile_width=&#8221;0&#8243; width=&#8221;1\/2&#8243; uncode_shortcode_id=&#8221;125972&#8243; css=&#8221;.vc_custom_1718273344285{padding-left: 150px !important;}&#8221;][vc_custom_heading text_size=&#8221;h5&#8243; text_weight=&#8221;400&#8243; text_height=&#8221;fontheight-524109&#8243; uncode_shortcode_id=&#8221;137773&#8243;]- \u00dccretsiz y\u00fcksek h\u0131zl\u0131 Wi-Fi<\/p>\n<p>&#8211; Kablosuz \u015farj cihazl\u0131 radyo<\/p>\n<p>&#8211; \u00d6zel tasar\u0131m yatak<\/p>\n<p>&#8211; Dijital tart\u0131[\/vc_custom_heading][uncode_vertical_text vertical_text_h_pos=&#8221;0&#8243; z_index=&#8221;0&#8243; text_font=&#8221;font-193098&#8243; text_size=&#8221;h4&#8243; text_weight=&#8221;400&#8243; text_italic=&#8221;yes&#8221; uncode_shortcode_id=&#8221;121459&#8243;]Room features[\/uncode_vertical_text][\/vc_column][vc_column column_width_percent=&#8221;100&#8243; position_vertical=&#8221;middle&#8221; gutter_size=&#8221;3&#8243; override_padding=&#8221;yes&#8221; column_padding=&#8221;2&#8243; overlay_alpha=&#8221;50&#8243; shift_x=&#8221;0&#8243; shift_y=&#8221;0&#8243; shift_y_down=&#8221;0&#8243; z_index=&#8221;0&#8243; medium_width=&#8221;0&#8243; mobile_width=&#8221;0&#8243; width=&#8221;1\/2&#8243; uncode_shortcode_id=&#8221;189810&#8243; css=&#8221;.vc_custom_1718273350869{padding-left: 150px !important;}&#8221;][vc_custom_heading text_size=&#8221;h5&#8243; text_weight=&#8221;400&#8243; text_height=&#8221;fontheight-524109&#8243; uncode_shortcode_id=&#8221;146537&#8243;]- \u00dccretsiz minibar<\/p>\n<p>&#8211; Nespresso kahve makinesi<\/p>\n<p>&#8211; Yaprak \u00e7ay istasyonu[\/vc_custom_heading][\/vc_column][\/vc_row][vc_row row_height_percent=&#8221;0&#8243; back_color=&#8221;color-lxmt&#8221; overlay_alpha=&#8221;50&#8243; gutter_size=&#8221;3&#8243; column_width_percent=&#8221;100&#8243; shift_y=&#8221;0&#8243; z_index=&#8221;0&#8243; top_divider=&#8221;step_3_4&#8243; desktop_visibility=&#8221;yes&#8221; mobile_visibility=&#8221;yes&#8221; uncode_shortcode_id=&#8221;684304&#8243; back_color_type=&#8221;uncode-palette&#8221;][vc_column column_width_percent=&#8221;100&#8243; position_horizontal=&#8221;right&#8221; position_vertical=&#8221;middle&#8221; gutter_size=&#8221;3&#8243; override_padding=&#8221;yes&#8221; column_padding=&#8221;2&#8243; overlay_alpha=&#8221;50&#8243; shift_x=&#8221;0&#8243; shift_y=&#8221;0&#8243; shift_y_down=&#8221;0&#8243; z_index=&#8221;0&#8243; medium_width=&#8221;0&#8243; mobile_width=&#8221;0&#8243; width=&#8221;1\/1&#8243; uncode_shortcode_id=&#8221;131421&#8243; css=&#8221;.vc_custom_1721129996879{padding-left: 230px !important;}&#8221;][vc_custom_heading text_size=&#8221;h5&#8243; text_weight=&#8221;400&#8243; text_height=&#8221;fontheight-524109&#8243; uncode_shortcode_id=&#8221;214519&#8243;]- \u00dccretsiz y\u00fcksek h\u0131zl\u0131 Wi-Fi<\/p>\n<p>&#8211; Kablosuz \u015farj cihazl\u0131 radyo<\/p>\n<p>&#8211; \u00d6zel tasar\u0131m yatak<\/p>\n<p>&#8211; Dijital tart\u0131<\/p>\n<p>&#8211; \u00dccretsiz minibar<\/p>\n<p>&#8211; Nespresso kahve makinesi<\/p>\n<p>&#8211; Yaprak \u00e7ay istasyonu[\/vc_custom_heading][uncode_vertical_text vertical_text_h_pos=&#8221;0&#8243; z_index=&#8221;0&#8243; text_font=&#8221;font-193098&#8243; text_size=&#8221;h4&#8243; text_weight=&#8221;400&#8243; text_italic=&#8221;yes&#8221; uncode_shortcode_id=&#8221;997234&#8243;]Room features[\/uncode_vertical_text][\/vc_column][\/vc_row][vc_row row_height_percent=&#8221;0&#8243; back_color=&#8221;color-lxmt&#8221; overlay_alpha=&#8221;50&#8243; gutter_size=&#8221;3&#8243; column_width_percent=&#8221;100&#8243; shift_y=&#8221;0&#8243; z_index=&#8221;0&#8243; top_divider=&#8221;step_3_4&#8243; desktop_visibility=&#8221;yes&#8221; medium_visibility=&#8221;yes&#8221; uncode_shortcode_id=&#8221;144397&#8243; back_color_type=&#8221;uncode-palette&#8221;][vc_column column_width_percent=&#8221;100&#8243; position_horizontal=&#8221;right&#8221; position_vertical=&#8221;middle&#8221; gutter_size=&#8221;3&#8243; override_padding=&#8221;yes&#8221; column_padding=&#8221;2&#8243; overlay_alpha=&#8221;50&#8243; shift_x=&#8221;0&#8243; shift_y=&#8221;0&#8243; shift_y_down=&#8221;0&#8243; z_index=&#8221;0&#8243; medium_width=&#8221;0&#8243; mobile_width=&#8221;0&#8243; width=&#8221;1\/1&#8243; uncode_shortcode_id=&#8221;182549&#8243; css=&#8221;.vc_custom_1721130016020{padding-left: 50px !important;}&#8221;][vc_custom_heading text_size=&#8221;h5&#8243; text_weight=&#8221;400&#8243; text_height=&#8221;fontheight-524109&#8243; uncode_shortcode_id=&#8221;104342&#8243;]- \u00dccretsiz y\u00fcksek h\u0131zl\u0131 Wi-Fi<\/p>\n<p>&#8211; Kablosuz \u015farj cihazl\u0131 radyo<\/p>\n<p>&#8211; \u00d6zel tasar\u0131m yatak<\/p>\n<p>&#8211; Dijital tart\u0131<\/p>\n<p>&#8211; \u00dccretsiz minibar<\/p>\n<p>&#8211; Nespresso kahve makinesi<\/p>\n<p>&#8211; Yaprak \u00e7ay istasyonu[\/vc_custom_heading][uncode_vertical_text vertical_text_h_pos=&#8221;0&#8243; z_index=&#8221;0&#8243; text_font=&#8221;font-193098&#8243; text_size=&#8221;h4&#8243; text_weight=&#8221;400&#8243; text_italic=&#8221;yes&#8221; uncode_shortcode_id=&#8221;997234&#8243;]Room features[\/uncode_vertical_text][\/vc_column][\/vc_row][vc_row row_height_percent=&#8221;0&#8243; override_padding=&#8221;yes&#8221; h_padding=&#8221;2&#8243; top_padding=&#8221;3&#8243; bottom_padding=&#8221;1&#8243; back_image=&#8221;132442&#8243; back_position=&#8221;right top&#8221; overlay_alpha=&#8221;50&#8243; gutter_size=&#8221;3&#8243; column_width_percent=&#8221;100&#8243; shift_y=&#8221;0&#8243; z_index=&#8221;0&#8243; medium_visibility=&#8221;yes&#8221; mobile_visibility=&#8221;yes&#8221; uncode_shortcode_id=&#8221;142230&#8243; back_size=&#8221;30%&#8221;][vc_column column_width_percent=&#8221;100&#8243; position_vertical=&#8221;middle&#8221; align_horizontal=&#8221;align_center&#8221; gutter_size=&#8221;3&#8243; overlay_alpha=&#8221;50&#8243; shift_x=&#8221;0&#8243; shift_y=&#8221;0&#8243; shift_y_down=&#8221;0&#8243; z_index=&#8221;0&#8243; medium_width=&#8221;0&#8243; mobile_width=&#8221;0&#8243; width=&#8221;1\/1&#8243; uncode_shortcode_id=&#8221;188490&#8243;][vc_empty_space empty_h=&#8221;4&#8243;][\/vc_column][\/vc_row][vc_row row_height_percent=&#8221;0&#8243; override_padding=&#8221;yes&#8221; h_padding=&#8221;2&#8243; top_padding=&#8221;3&#8243; bottom_padding=&#8221;1&#8243; back_image=&#8221;132442&#8243; back_position=&#8221;right top&#8221; overlay_alpha=&#8221;50&#8243; gutter_size=&#8221;3&#8243; column_width_percent=&#8221;100&#8243; shift_y=&#8221;0&#8243; z_index=&#8221;0&#8243; desktop_visibility=&#8221;yes&#8221; uncode_shortcode_id=&#8221;134831&#8243; back_size=&#8221;70%&#8221;][vc_column column_width_percent=&#8221;100&#8243; position_vertical=&#8221;middle&#8221; align_horizontal=&#8221;align_center&#8221; gutter_size=&#8221;3&#8243; overlay_alpha=&#8221;50&#8243; shift_x=&#8221;0&#8243; shift_y=&#8221;0&#8243; shift_y_down=&#8221;0&#8243; z_index=&#8221;0&#8243; medium_width=&#8221;0&#8243; mobile_width=&#8221;0&#8243; width=&#8221;1\/1&#8243; uncode_shortcode_id=&#8221;188490&#8243;][vc_empty_space empty_h=&#8221;4&#8243;][\/vc_column][\/vc_row][vc_row unlock_row_content=&#8221;yes&#8221; row_height_percent=&#8221;0&#8243; override_padding=&#8221;yes&#8221; h_padding=&#8221;0&#8243; top_padding=&#8221;0&#8243; bottom_padding=&#8221;2&#8243; overlay_alpha=&#8221;50&#8243; gutter_size=&#8221;3&#8243; column_width_percent=&#8221;100&#8243; shift_y=&#8221;0&#8243; z_index=&#8221;0&#8243; uncode_shortcode_id=&#8221;169232&#8243;][vc_column column_width_percent=&#8221;100&#8243; position_vertical=&#8221;middle&#8221; align_horizontal=&#8221;align_center&#8221; gutter_size=&#8221;3&#8243; overlay_alpha=&#8221;50&#8243; shift_x=&#8221;0&#8243; shift_y=&#8221;0&#8243; shift_y_down=&#8221;0&#8243; z_index=&#8221;0&#8243; medium_width=&#8221;0&#8243; mobile_width=&#8221;0&#8243; width=&#8221;1\/1&#8243; uncode_shortcode_id=&#8221;158625&#8243;][vc_gallery el_id=&#8221;gallery-173555&#8243; type=&#8221;carousel&#8221; medias=&#8221;133056,133058,133060,133062,133064&#8243; carousel_lg=&#8221;3&#8243; carousel_md=&#8221;2&#8243; carousel_sm=&#8221;1&#8243; thumb_size=&#8221;five-four&#8221; gutter_size=&#8221;3&#8243; carousel_interval=&#8221;3000&#8243; carousel_navspeed=&#8221;400&#8243; carousel_dots=&#8221;yes&#8221; stage_padding=&#8221;0&#8243; single_overlay_opacity=&#8221;50&#8243; single_padding=&#8221;2&#8243; uncode_shortcode_id=&#8221;108881&#8243;][\/vc_column][\/vc_row][vc_row][vc_column width=&#8221;1\/1&#8243;][uncode_block id=&#8221;132554&#8243;][\/vc_column][\/vc_row][vc_row row_height_percent=&#8221;0&#8243; override_padding=&#8221;yes&#8221; h_padding=&#8221;2&#8243; top_padding=&#8221;3&#8243; bottom_padding=&#8221;3&#8243; back_image=&#8221;132419&#8243; back_position=&#8221;left bottom&#8221; overlay_alpha=&#8221;50&#8243; gutter_size=&#8221;3&#8243; column_width_percent=&#8221;100&#8243; shift_y=&#8221;0&#8243; z_index=&#8221;0&#8243; uncode_shortcode_id=&#8221;875505&#8243; back_size=&#8221;30%&#8221;][vc_column column_width_percent=&#8221;100&#8243; position_vertical=&#8221;middle&#8221; align_horizontal=&#8221;align_center&#8221; gutter_size=&#8221;3&#8243; overlay_alpha=&#8221;50&#8243; shift_x=&#8221;0&#8243; shift_y=&#8221;0&#8243; shift_y_down=&#8221;0&#8243; z_index=&#8221;0&#8243; medium_width=&#8221;0&#8243; mobile_width=&#8221;0&#8243; width=&#8221;1\/1&#8243; uncode_shortcode_id=&#8221;188490&#8243;][vc_custom_heading text_size=&#8221;h6&#8243; text_weight=&#8221;500&#8243; text_space=&#8221;fontspace-210350&#8243; uncode_shortcode_id=&#8221;130140&#8243;]MARRIOTT BONVOY \u00dcYELERE \u00d6ZEL F\u0130YATI \u0130LE REZERVASYON YAPIN TASARRUF ED\u0130N.[\/vc_custom_heading][vc_custom_heading text_size=&#8221;h6&#8243; text_weight=&#8221;500&#8243; uncode_shortcode_id=&#8221;134529&#8243;]Rezervasyon yap\u0131n ve Marriott Bonvoy&#8217;a \u00fccretsiz kat\u0131l\u0131n.[\/vc_custom_heading][vc_button outline=&#8221;yes&#8221; border_width=&#8221;0&#8243; link=&#8221;url:https%3A%2F%2Fwww.marriott.com%2Fen-us%2Fhotels%2Fistts-lokalist-istanbul-a-tribute-portfolio-hotel%2Foverview%2F%3Fp1|target:_blank&#8221; uncode_shortcode_id=&#8221;109373&#8243;]\u015eimdi rezervasyon yap[\/vc_button][\/vc_column][\/vc_row]<\/p>\n<\/div>","protected":false},"excerpt":{"rendered":"<p>[vc_row unlock_row_content=&#8221;yes&#8221; row_height_percent=&#8221;47&#8243; override_padding=&#8221;yes&#8221; h_padding=&#8221;0&#8243; top_padding=&#8221;0&#8243; bottom_padding=&#8221;0&#8243; overlay_alpha=&#8221;50&#8243; gutter_size=&#8221;0&#8243; column_width_percent=&#8221;0&#8243; shift_y=&#8221;0&#8243; z_index=&#8221;0&#8243; uncode_shortcode_id=&#8221;171448&#8243; row_height_pixel=&#8221;50%&#8221; css=&#8221;.vc_custom_1718273994916{padding-top: 0px !important;padding-right: 0px !important;padding-bottom: 0px [&hellip;]<\/p>\n","protected":false},"author":2,"featured_media":132460,"parent":0,"menu_order":0,"comment_status":"closed","ping_status":"closed","template":"","meta":{"_monsterinsights_skip_tracking":false,"_monsterinsights_sitenote_active":false,"_monsterinsights_sitenote_note":"","_monsterinsights_sitenote_category":0,"footnotes":""},"page_tag":[113],"class_list":["post-132490","page","type-page","status-publish","has-post-thumbnail","hentry","page_tag-odalar-ve-suitler","page_category-bogaz-manzarasi"],"_links":{"self":[{"href":"https:\/\/lokalist.com\/tr\/wp-json\/wp\/v2\/pages\/132490","targetHints":{"allow":["GET"]}}],"collection":[{"href":"https:\/\/lokalist.com\/tr\/wp-json\/wp\/v2\/pages"}],"about":[{"href":"https:\/\/lokalist.com\/tr\/wp-json\/wp\/v2\/types\/page"}],"author":[{"embeddable":true,"href":"https:\/\/lokalist.com\/tr\/wp-json\/wp\/v2\/users\/2"}],"replies":[{"embeddable":true,"href":"https:\/\/lokalist.com\/tr\/wp-json\/wp\/v2\/comments?post=132490"}],"version-history":[{"count":0,"href":"https:\/\/lokalist.com\/tr\/wp-json\/wp\/v2\/pages\/132490\/revisions"}],"wp:featuredmedia":[{"embeddable":true,"href":"https:\/\/lokalist.com\/tr\/wp-json\/wp\/v2\/media\/132460"}],"wp:attachment":[{"href":"https:\/\/lokalist.com\/tr\/wp-json\/wp\/v2\/media?parent=132490"}],"wp:term":[{"taxonomy":"page_tag","embeddable":true,"href":"https:\/\/lokalist.com\/tr\/wp-json\/wp\/v2\/page_tag?post=132490"}],"curies":[{"name":"wp","href":"https:\/\/api.w.org\/{rel}","templated":true}]}}