{"id":132404,"date":"2024-06-13T08:14:20","date_gmt":"2024-06-13T08:14:20","guid":{"rendered":"https:\/\/lokalist.com\/contact\/"},"modified":"2024-07-23T13:27:54","modified_gmt":"2024-07-23T13:27:54","slug":"iletisim","status":"publish","type":"page","link":"https:\/\/lokalist.com\/tr\/iletisim\/","title":{"rendered":"\u0130leti\u015fim"},"content":{"rendered":"<div class=\"wpb-content-wrapper\"><p>[vc_row unlock_row_content=&#8221;yes&#8221; row_height_percent=&#8221;47&#8243; override_padding=&#8221;yes&#8221; h_padding=&#8221;0&#8243; top_padding=&#8221;0&#8243; bottom_padding=&#8221;0&#8243; overlay_alpha=&#8221;50&#8243; gutter_size=&#8221;0&#8243; column_width_percent=&#8221;0&#8243; shift_y=&#8221;0&#8243; z_index=&#8221;0&#8243; uncode_shortcode_id=&#8221;139133&#8243; back_color_type=&#8221;uncode-solid&#8221; back_color_solid=&#8221;#13223f&#8221; row_height_pixel=&#8221;50%&#8221; css=&#8221;.vc_custom_1718265951142{padding-top: 0px !important;padding-right: 0px !important;padding-bottom: 0px !important;padding-left: 0px !important;}&#8221;][vc_column column_width_percent=&#8221;100&#8243; position_horizontal=&#8221;left&#8221; position_vertical=&#8221;middle&#8221; gutter_size=&#8221;0&#8243; override_padding=&#8221;yes&#8221; column_padding=&#8221;0&#8243; overlay_alpha=&#8221;50&#8243; shift_x=&#8221;0&#8243; shift_y=&#8221;0&#8243; shift_y_down=&#8221;0&#8243; z_index=&#8221;0&#8243; medium_width=&#8221;0&#8243; mobile_width=&#8221;0&#8243; width=&#8221;1\/1&#8243; uncode_shortcode_id=&#8221;208879&#8243; css=&#8221;.vc_custom_1718265939705{padding-top: 0px !important;padding-right: 0px !important;padding-bottom: 0px !important;padding-left: 0px !important;}&#8221;][vc_single_image media=&#8221;132394&#8243; media_width_percent=&#8221;100&#8243; media_ratio=&#8221;twentyone-nine&#8221; alignment=&#8221;center&#8221; uncode_shortcode_id=&#8221;198347&#8243;][\/vc_column][\/vc_row][vc_row row_height_percent=&#8221;0&#8243; override_padding=&#8221;yes&#8221; h_padding=&#8221;2&#8243; top_padding=&#8221;3&#8243; bottom_padding=&#8221;2&#8243; overlay_alpha=&#8221;50&#8243; gutter_size=&#8221;3&#8243; column_width_percent=&#8221;100&#8243; shift_y=&#8221;0&#8243; z_index=&#8221;0&#8243; uncode_shortcode_id=&#8221;206328&#8243;][vc_column column_width_percent=&#8221;100&#8243; position_vertical=&#8221;bottom&#8221; gutter_size=&#8221;3&#8243; overlay_alpha=&#8221;50&#8243; shift_x=&#8221;0&#8243; shift_y=&#8221;0&#8243; shift_y_down=&#8221;0&#8243; z_index=&#8221;0&#8243; medium_width=&#8221;0&#8243; mobile_width=&#8221;0&#8243; width=&#8221;1\/2&#8243; uncode_shortcode_id=&#8221;340612&#8243;][vc_custom_heading text_size=&#8221;h5&#8243; text_weight=&#8221;500&#8243; text_height=&#8221;fontheight-524109&#8243; uncode_shortcode_id=&#8221;173794&#8243;]<span style=\"text-decoration: underline;\"><a href=\"https:\/\/maps.app.goo.gl\/YtKqdDpJDrGDbe2H9\" target=\"_blank\" rel=\"noopener\">Mete Cad. 28, Taksim, Istanbul, T\u00fcrkiye, 34437<\/a> <\/span><\/p>\n<p>&nbsp;<\/p>\n<p>T: <span style=\"text-decoration: underline;\"><a href=\"tel:+902123770000\" target=\"_blank\" rel=\"noopener\">+90 212 377 00 00<\/a><\/span><\/p>\n<p>&nbsp;<\/p>\n<p><span style=\"text-decoration: underline;\"><a href=\"mailto:info@lokalist.com\" target=\"_blank\" rel=\"noopener\">info@lokalist.com<\/a><\/span>[\/vc_custom_heading][\/vc_column][vc_column column_width_percent=&#8221;100&#8243; position_vertical=&#8221;bottom&#8221; gutter_size=&#8221;3&#8243; overlay_alpha=&#8221;50&#8243; shift_x=&#8221;0&#8243; shift_y=&#8221;0&#8243; shift_y_down=&#8221;0&#8243; z_index=&#8221;0&#8243; medium_width=&#8221;0&#8243; mobile_width=&#8221;0&#8243; width=&#8221;1\/2&#8243; uncode_shortcode_id=&#8221;841079&#8243;][vc_custom_heading text_font=&#8221;font-193098&#8243; text_size=&#8221;h3&#8243; text_weight=&#8221;300&#8243; text_height=&#8221;fontheight-524109&#8243; text_italic=&#8221;yes&#8221; uncode_shortcode_id=&#8221;531854&#8243;]<em>Ger\u00e7ek \u0130stanbul rehberiniz.\u00a0<\/em>[\/vc_custom_heading][vc_custom_heading text_size=&#8221;h5&#8243; text_weight=&#8221;400&#8243; text_height=&#8221;fontheight-524109&#8243; uncode_shortcode_id=&#8221;204057&#8243;]\u0130stanbul ke\u015ffedilmeyi bekliyor.<\/p>\n<p>&nbsp;<\/p>\n<p>Misafir hizmetleri ekibimiz \u0130stanbul deneyiminizi planlaman\u0131za yard\u0131mc\u0131 olmak i\u00e7in haz\u0131r.[\/vc_custom_heading][\/vc_column][\/vc_row][vc_row row_height_percent=&#8221;0&#8243; override_padding=&#8221;yes&#8221; h_padding=&#8221;2&#8243; top_padding=&#8221;2&#8243; bottom_padding=&#8221;1&#8243; overlay_alpha=&#8221;50&#8243; gutter_size=&#8221;3&#8243; column_width_percent=&#8221;100&#8243; shift_y=&#8221;0&#8243; z_index=&#8221;0&#8243; uncode_shortcode_id=&#8221;693672&#8243;][vc_column column_width_percent=&#8221;100&#8243; position_vertical=&#8221;bottom&#8221; gutter_size=&#8221;3&#8243; overlay_alpha=&#8221;50&#8243; shift_x=&#8221;0&#8243; shift_y=&#8221;0&#8243; shift_y_down=&#8221;0&#8243; z_index=&#8221;0&#8243; medium_width=&#8221;0&#8243; mobile_width=&#8221;0&#8243; width=&#8221;1\/1&#8243; uncode_shortcode_id=&#8221;340612&#8243;][vc_raw_html]JTIwJTIwJTIwJTIwJTIwJTIwJTIwJTIwJTNDZGl2JTIwaWQlM0QlMjJtYXAlMjIlM0UlM0MlMkZkaXYlM0UlMEElMEElMEElMEE=[\/vc_raw_html][\/vc_column][\/vc_row][vc_row row_height_percent=&#8221;0&#8243; override_padding=&#8221;yes&#8221; h_padding=&#8221;2&#8243; top_padding=&#8221;2&#8243; bottom_padding=&#8221;3&#8243; overlay_alpha=&#8221;50&#8243; gutter_size=&#8221;3&#8243; column_width_percent=&#8221;100&#8243; shift_y=&#8221;0&#8243; z_index=&#8221;0&#8243; uncode_shortcode_id=&#8221;375853&#8243;][vc_column column_width_percent=&#8221;100&#8243; align_horizontal=&#8221;align_center&#8221; gutter_size=&#8221;3&#8243; overlay_alpha=&#8221;50&#8243; shift_x=&#8221;0&#8243; shift_y=&#8221;0&#8243; shift_y_down=&#8221;0&#8243; z_index=&#8221;0&#8243; medium_width=&#8221;0&#8243; mobile_width=&#8221;0&#8243; width=&#8221;1\/1&#8243; uncode_shortcode_id=&#8221;992580&#8243;][vc_button button_color=&#8221;color-jevc&#8221; size=&#8221;btn-lg&#8221; outline=&#8221;yes&#8221; border_width=&#8221;0&#8243; button_color_type=&#8221;uncode-palette&#8221; uncode_shortcode_id=&#8221;133135&#8243; link=&#8221;url:https%3A%2F%2Fmaps.app.goo.gl%2FYtKqdDpJDrGDbe2H9|target:_blank&#8221;]Google Haritalar&#8217;da g\u00f6r[\/vc_button][\/vc_column][\/vc_row]<\/p>\n<\/div>","protected":false},"excerpt":{"rendered":"<p>[vc_row unlock_row_content=&#8221;yes&#8221; row_height_percent=&#8221;47&#8243; override_padding=&#8221;yes&#8221; h_padding=&#8221;0&#8243; top_padding=&#8221;0&#8243; bottom_padding=&#8221;0&#8243; overlay_alpha=&#8221;50&#8243; gutter_size=&#8221;0&#8243; column_width_percent=&#8221;0&#8243; shift_y=&#8221;0&#8243; z_index=&#8221;0&#8243; uncode_shortcode_id=&#8221;139133&#8243; back_color_type=&#8221;uncode-solid&#8221; back_color_solid=&#8221;#13223f&#8221; row_height_pixel=&#8221;50%&#8221; css=&#8221;.vc_custom_1718265951142{padding-top: 0px !important;padding-right: 0px [&hellip;]<\/p>\n","protected":false},"author":2,"featured_media":0,"parent":0,"menu_order":0,"comment_status":"closed","ping_status":"closed","template":"","meta":{"_monsterinsights_skip_tracking":false,"_monsterinsights_sitenote_active":false,"_monsterinsights_sitenote_note":"","_monsterinsights_sitenote_category":0,"footnotes":""},"page_tag":[],"class_list":["post-132404","page","type-page","status-publish","hentry"],"_links":{"self":[{"href":"https:\/\/lokalist.com\/tr\/wp-json\/wp\/v2\/pages\/132404","targetHints":{"allow":["GET"]}}],"collection":[{"href":"https:\/\/lokalist.com\/tr\/wp-json\/wp\/v2\/pages"}],"about":[{"href":"https:\/\/lokalist.com\/tr\/wp-json\/wp\/v2\/types\/page"}],"author":[{"embeddable":true,"href":"https:\/\/lokalist.com\/tr\/wp-json\/wp\/v2\/users\/2"}],"replies":[{"embeddable":true,"href":"https:\/\/lokalist.com\/tr\/wp-json\/wp\/v2\/comments?post=132404"}],"version-history":[{"count":0,"href":"https:\/\/lokalist.com\/tr\/wp-json\/wp\/v2\/pages\/132404\/revisions"}],"wp:attachment":[{"href":"https:\/\/lokalist.com\/tr\/wp-json\/wp\/v2\/media?parent=132404"}],"wp:term":[{"taxonomy":"page_tag","embeddable":true,"href":"https:\/\/lokalist.com\/tr\/wp-json\/wp\/v2\/page_tag?post=132404"}],"curies":[{"name":"wp","href":"https:\/\/api.w.org\/{rel}","templated":true}]}}