{"id":132235,"date":"2024-06-10T10:50:26","date_gmt":"2024-06-10T10:50:26","guid":{"rendered":"https:\/\/lokalist.com\/gallery\/"},"modified":"2024-11-04T15:34:35","modified_gmt":"2024-11-04T15:34:35","slug":"galeri","status":"publish","type":"page","link":"https:\/\/lokalist.com\/tr\/galeri\/","title":{"rendered":"Galeri"},"content":{"rendered":"<div class=\"wpb-content-wrapper\"><p>[vc_row unlock_row_content=&#8221;yes&#8221; row_height_percent=&#8221;0&#8243; override_padding=&#8221;yes&#8221; h_padding=&#8221;0&#8243; top_padding=&#8221;0&#8243; bottom_padding=&#8221;1&#8243; back_color=&#8221;color-gyho&#8221; overlay_alpha=&#8221;50&#8243; gutter_size=&#8221;0&#8243; column_width_percent=&#8221;100&#8243; shift_y=&#8221;0&#8243; z_index=&#8221;0&#8243; top_divider=&#8221;step&#8221; medium_visibility=&#8221;yes&#8221; mobile_visibility=&#8221;yes&#8221; uncode_shortcode_id=&#8221;203604&#8243; css=&#8221;.vc_custom_1718202823550{padding-top: 0px !important;padding-left: 0px !important;}&#8221; back_color_type=&#8221;uncode-palette&#8221;][vc_column column_width_percent=&#8221;100&#8243; position_horizontal=&#8221;left&#8221; gutter_size=&#8221;3&#8243; override_padding=&#8221;yes&#8221; column_padding=&#8221;0&#8243; font_family=&#8221;font-165032&#8243; overlay_alpha=&#8221;50&#8243; shift_x=&#8221;0&#8243; shift_y=&#8221;0&#8243; shift_y_down=&#8221;0&#8243; z_index=&#8221;0&#8243; medium_width=&#8221;4&#8243; mobile_width=&#8221;0&#8243; width=&#8221;5\/12&#8243; uncode_shortcode_id=&#8221;782529&#8243; css=&#8221;.vc_custom_1717489995025{padding-top: 0px !important;padding-left: 0px !important;}&#8221;][vc_single_image media=&#8221;131444&#8243; media_width_percent=&#8221;100&#8243; uncode_shortcode_id=&#8221;183557&#8243;][\/vc_column][vc_column column_width_percent=&#8221;100&#8243; position_horizontal=&#8221;left&#8221; gutter_size=&#8221;1&#8243; overlay_alpha=&#8221;50&#8243; shift_x=&#8221;0&#8243; shift_y=&#8221;0&#8243; shift_y_down=&#8221;0&#8243; z_index=&#8221;0&#8243; medium_width=&#8221;4&#8243; mobile_width=&#8221;0&#8243; width=&#8221;7\/12&#8243; uncode_shortcode_id=&#8221;210401&#8243;][vc_row_inner][vc_column_inner column_width_percent=&#8221;100&#8243; align_horizontal=&#8221;align_right&#8221; gutter_size=&#8221;2&#8243; override_padding=&#8221;yes&#8221; column_padding=&#8221;2&#8243; overlay_alpha=&#8221;50&#8243; shift_x=&#8221;0&#8243; shift_y=&#8221;0&#8243; shift_y_down=&#8221;0&#8243; z_index=&#8221;0&#8243; medium_width=&#8221;0&#8243; mobile_width=&#8221;0&#8243; width=&#8221;1\/1&#8243; uncode_shortcode_id=&#8221;185859&#8243; css=&#8221;.vc_custom_1718203358828{padding-right: 50px !important;}&#8221;][vc_empty_space empty_h=&#8221;2&#8243;][vc_custom_heading text_size=&#8221;h6&#8243; text_weight=&#8221;500&#8243; text_space=&#8221;fontspace-135905&#8243; uncode_shortcode_id=&#8221;810407&#8243;]LOKAL\u0130ST B\u0130R G\u00d6ZDEN[\/vc_custom_heading][vc_single_image media=&#8221;131460&#8243; media_poster=&#8221;yes&#8221; media_width_percent=&#8221;100&#8243; media_ratio=&#8221;sixteen-nine&#8221; alignment=&#8221;right&#8221; uncode_shortcode_id=&#8221;440763&#8243;][vc_custom_heading text_size=&#8221;h6&#8243; text_weight=&#8221;500&#8243; text_height=&#8221;fontheight-357766&#8243; uncode_shortcode_id=&#8221;136178&#8243;]Lokal \u00f6neriler ve \u0130stanbul hakk\u0131nda ilham verici i\u00e7erikler i\u00e7in <a href=\"https:\/\/www.youtube.com\/@LokalistIstanbul\" target=\"_blank\" rel=\"noopener\"><span style=\"text-decoration: underline;\"><strong>YouTube page<\/strong><\/span><\/a> sayfam\u0131z\u0131 takip edin.[\/vc_custom_heading][\/vc_column_inner][\/vc_row_inner][\/vc_column][\/vc_row][vc_row unlock_row_content=&#8221;yes&#8221; row_height_percent=&#8221;0&#8243; override_padding=&#8221;yes&#8221; h_padding=&#8221;0&#8243; top_padding=&#8221;0&#8243; bottom_padding=&#8221;1&#8243; back_color=&#8221;color-gyho&#8221; overlay_alpha=&#8221;50&#8243; gutter_size=&#8221;0&#8243; column_width_percent=&#8221;100&#8243; shift_y=&#8221;0&#8243; z_index=&#8221;0&#8243; top_divider=&#8221;step&#8221; desktop_visibility=&#8221;yes&#8221; uncode_shortcode_id=&#8221;623441&#8243; css=&#8221;.vc_custom_1718202839404{padding-top: 0px !important;padding-left: 0px !important;}&#8221; back_color_type=&#8221;uncode-palette&#8221;][vc_column column_width_percent=&#8221;100&#8243; position_horizontal=&#8221;left&#8221; gutter_size=&#8221;0&#8243; override_padding=&#8221;yes&#8221; column_padding=&#8221;0&#8243; font_family=&#8221;font-165032&#8243; overlay_alpha=&#8221;50&#8243; shift_x=&#8221;0&#8243; shift_y=&#8221;0&#8243; shift_y_down=&#8221;0&#8243; z_index=&#8221;0&#8243; medium_width=&#8221;4&#8243; mobile_width=&#8221;0&#8243; width=&#8221;5\/12&#8243; uncode_shortcode_id=&#8221;208173&#8243; css=&#8221;.vc_custom_1718203107059{padding-top: 0px !important;padding-bottom: 0px !important;padding-left: 0px !important;}&#8221;][vc_single_image media=&#8221;131444&#8243; media_width_percent=&#8221;100&#8243; uncode_shortcode_id=&#8221;183557&#8243;][\/vc_column][vc_column column_width_percent=&#8221;100&#8243; position_horizontal=&#8221;left&#8221; align_horizontal=&#8221;align_center&#8221; gutter_size=&#8221;2&#8243; overlay_alpha=&#8221;50&#8243; shift_x=&#8221;0&#8243; shift_y=&#8221;0&#8243; shift_y_down=&#8221;0&#8243; z_index=&#8221;0&#8243; medium_width=&#8221;4&#8243; mobile_width=&#8221;0&#8243; width=&#8221;7\/12&#8243; uncode_shortcode_id=&#8221;736842&#8243; css=&#8221;.vc_custom_1718203241998{padding-top: 30px !important;padding-right: 30px !important;padding-bottom: 30px !important;padding-left: 30px !important;}&#8221;][vc_custom_heading text_size=&#8221;h6&#8243; text_weight=&#8221;500&#8243; text_space=&#8221;fontspace-210350&#8243; uncode_shortcode_id=&#8221;976071&#8243;]LOKAL\u0130ST B\u0130R G\u00d6ZDEN[\/vc_custom_heading][vc_empty_space empty_h=&#8221;1&#8243;][vc_single_image media=&#8221;131460&#8243; media_poster=&#8221;yes&#8221; media_width_percent=&#8221;100&#8243; media_ratio=&#8221;sixteen-nine&#8221; alignment=&#8221;center&#8221; uncode_shortcode_id=&#8221;572113&#8243;][vc_empty_space empty_h=&#8221;1&#8243;][vc_custom_heading text_size=&#8221;h6&#8243; text_weight=&#8221;500&#8243; text_height=&#8221;fontheight-357766&#8243; uncode_shortcode_id=&#8221;179805&#8243;]Lokal \u00f6neriler ve \u0130stanbul hakk\u0131nda ilham verici i\u00e7erikler i\u00e7in <a href=\"https:\/\/www.youtube.com\/@LokalistIstanbul\" target=\"_blank\" rel=\"noopener\"><span style=\"text-decoration: underline;\"><strong>YouTube<\/strong><\/span><\/a> sayfam\u0131z\u0131 takip edin.[\/vc_custom_heading][\/vc_column][\/vc_row][vc_row][vc_column width=&#8221;1\/1&#8243;][vc_gallery el_id=&#8221;gallery-573793&#8243; medias=&#8221;132730,132732,132734,132736,132738,132740,132742,132744,132746,132748,132750,132752,132754,132756,132758,132760,132762,132764,132768,132766,133073,132770,133056,133058,133060,132772,133062,132778,132776,132774,133042,133050,133032,133048,133020,133022,133026,133030,133000,132976,133004,133018,133028,133006,132986,132782,132784,132786,132788,132974,132790,133008,132792,132794,132796,132798,132800,132804,132806,132810,132812,132816,132818,132820&#8243; filtering=&#8221;yes&#8221; filter_mobile_dropdown=&#8221;yes&#8221; filter_all_opposite=&#8221;yes&#8221; gutter_size=&#8221;3&#8243; screen_lg=&#8221;1000&#8243; screen_md=&#8221;600&#8243; screen_sm=&#8221;480&#8243; single_overlay_opacity=&#8221;50&#8243; single_padding=&#8221;2&#8243; uncode_shortcode_id=&#8221;173755&#8243; filter_all_text=&#8221;T\u00fcm\u00fc&#8221; filter_mobile_dropdown_text=&#8221;Filter&#8221;][\/vc_column][\/vc_row]<\/p>\n<\/div>","protected":false},"excerpt":{"rendered":"<p>[vc_row unlock_row_content=&#8221;yes&#8221; row_height_percent=&#8221;0&#8243; override_padding=&#8221;yes&#8221; h_padding=&#8221;0&#8243; top_padding=&#8221;0&#8243; bottom_padding=&#8221;1&#8243; back_color=&#8221;color-gyho&#8221; overlay_alpha=&#8221;50&#8243; gutter_size=&#8221;0&#8243; column_width_percent=&#8221;100&#8243; shift_y=&#8221;0&#8243; z_index=&#8221;0&#8243; top_divider=&#8221;step&#8221; medium_visibility=&#8221;yes&#8221; mobile_visibility=&#8221;yes&#8221; uncode_shortcode_id=&#8221;203604&#8243; css=&#8221;.vc_custom_1718202823550{padding-top: 0px !important;padding-left: [&hellip;]<\/p>\n","protected":false},"author":2,"featured_media":0,"parent":0,"menu_order":0,"comment_status":"closed","ping_status":"closed","template":"","meta":{"_monsterinsights_skip_tracking":false,"_monsterinsights_sitenote_active":false,"_monsterinsights_sitenote_note":"","_monsterinsights_sitenote_category":0,"footnotes":""},"page_tag":[],"class_list":["post-132235","page","type-page","status-publish","hentry"],"_links":{"self":[{"href":"https:\/\/lokalist.com\/tr\/wp-json\/wp\/v2\/pages\/132235","targetHints":{"allow":["GET"]}}],"collection":[{"href":"https:\/\/lokalist.com\/tr\/wp-json\/wp\/v2\/pages"}],"about":[{"href":"https:\/\/lokalist.com\/tr\/wp-json\/wp\/v2\/types\/page"}],"author":[{"embeddable":true,"href":"https:\/\/lokalist.com\/tr\/wp-json\/wp\/v2\/users\/2"}],"replies":[{"embeddable":true,"href":"https:\/\/lokalist.com\/tr\/wp-json\/wp\/v2\/comments?post=132235"}],"version-history":[{"count":2,"href":"https:\/\/lokalist.com\/tr\/wp-json\/wp\/v2\/pages\/132235\/revisions"}],"predecessor-version":[{"id":133754,"href":"https:\/\/lokalist.com\/tr\/wp-json\/wp\/v2\/pages\/132235\/revisions\/133754"}],"wp:attachment":[{"href":"https:\/\/lokalist.com\/tr\/wp-json\/wp\/v2\/media?parent=132235"}],"wp:term":[{"taxonomy":"page_tag","embeddable":true,"href":"https:\/\/lokalist.com\/tr\/wp-json\/wp\/v2\/page_tag?post=132235"}],"curies":[{"name":"wp","href":"https:\/\/api.w.org\/{rel}","templated":true}]}}