{"id":132208,"date":"2024-06-10T10:15:45","date_gmt":"2024-06-10T10:15:45","guid":{"rendered":"https:\/\/lokalist.com\/event-venues\/"},"modified":"2024-07-24T14:10:03","modified_gmt":"2024-07-24T14:10:03","slug":"etkinlik-mekanlari","status":"publish","type":"page","link":"https:\/\/lokalist.com\/tr\/etkinlik-mekanlari\/","title":{"rendered":"Etkinlik Mekanlar\u0131"},"content":{"rendered":"<div class=\"wpb-content-wrapper\"><p>[vc_row row_height_percent=&#8221;0&#8243; overlay_alpha=&#8221;50&#8243; gutter_size=&#8221;3&#8243; column_width_percent=&#8221;100&#8243; shift_y=&#8221;0&#8243; z_index=&#8221;0&#8243; uncode_shortcode_id=&#8221;200411&#8243;][vc_column width=&#8221;1\/1&#8243;][vc_row_inner][vc_column_inner column_width_percent=&#8221;100&#8243; gutter_size=&#8221;3&#8243; overlay_alpha=&#8221;50&#8243; shift_x=&#8221;0&#8243; shift_y=&#8221;0&#8243; shift_y_down=&#8221;0&#8243; z_index=&#8221;0&#8243; medium_width=&#8221;0&#8243; mobile_width=&#8221;0&#8243; width=&#8221;1\/4&#8243; uncode_shortcode_id=&#8221;559086&#8243;][vc_custom_heading text_weight=&#8221;600&#8243; uncode_shortcode_id=&#8221;808183&#8243;]Etkinlik Mekanlar\u0131[\/vc_custom_heading][\/vc_column_inner][vc_column_inner column_width_percent=&#8221;100&#8243; gutter_size=&#8221;3&#8243; overlay_alpha=&#8221;50&#8243; shift_x=&#8221;0&#8243; shift_y=&#8221;0&#8243; shift_y_down=&#8221;0&#8243; z_index=&#8221;0&#8243; medium_width=&#8221;0&#8243; mobile_width=&#8221;0&#8243; width=&#8221;3\/4&#8243; uncode_shortcode_id=&#8221;128884&#8243;][vc_empty_space empty_h=&#8221;2&#8243;][vc_custom_heading text_size=&#8221;h5&#8243; text_weight=&#8221;400&#8243; text_height=&#8221;fontheight-524109&#8243; uncode_shortcode_id=&#8221;722319&#8243;]\u0130stanbul&#8217;u ger\u00e7ek \u0130stanbullular\u0131n gibi deneyimleyin. Lokalist&#8217;in deneyimli misafir ili\u015fkileri uzmanlar\u0131, \u015fehirdeki sosyal ve k\u00fclt\u00fcrel aktiviteler konusunda size rehberlik etmekten mutluluk duyar, konaklaman\u0131z s\u00fcresince g\u00fcnlerinizi en verimli \u015fekilde planlamas\u0131n\u0131za yard\u0131mc\u0131 olur.[\/vc_custom_heading][\/vc_column_inner][\/vc_row_inner][\/vc_column][\/vc_row][vc_row row_height_percent=&#8221;0&#8243; override_padding=&#8221;yes&#8221; h_padding=&#8221;2&#8243; top_padding=&#8221;2&#8243; bottom_padding=&#8221;3&#8243; back_color=&#8221;color-lxmt&#8221; overlay_alpha=&#8221;50&#8243; gutter_size=&#8221;3&#8243; column_width_percent=&#8221;100&#8243; shift_y=&#8221;0&#8243; z_index=&#8221;0&#8243; uncode_shortcode_id=&#8221;186478&#8243; back_color_type=&#8221;uncode-palette&#8221; shape_dividers=&#8221;&#8221;][vc_column width=&#8221;1\/1&#8243;][uncode_index el_id=&#8221;index-159462011&#8243; isotope_mode=&#8221;packery&#8221; loop=&#8221;size:10|order_by:date|post_type:post|taxonomy_count:10&#8243; screen_lg=&#8221;1000&#8243; screen_md=&#8221;600&#8243; screen_sm=&#8221;480&#8243; filtering=&#8221;ajax&#8221; ajax_filters_content_block_id=&#8221;132375&#8243; filters_widgets=&#8221;closed&#8221; gutter_size_ajax_filters=&#8221;3&#8243; column_size_ajax_filters=&#8221;3&#8243; active_filters=&#8221;right&#8221; clear_all=&#8221;show&#8221; gutter_size=&#8221;3&#8243; post_items=&#8221;media|featured|onpost|original,title,text|excerpt&#8221; images_size=&#8221;three-two&#8221; single_back_color=&#8221;color-xsdn&#8221; single_overlay_opacity=&#8221;50&#8243; single_padding=&#8221;2&#8243; uncode_shortcode_id=&#8221;821394&#8243; filter_toggle_hide_text=&#8221;Gizle&#8221; filter_toggle_show_text=&#8221;Filtreleri g\u00f6ster&#8221;][\/vc_column][\/vc_row]<\/p>\n<\/div>","protected":false},"excerpt":{"rendered":"<p>[vc_row row_height_percent=&#8221;0&#8243; overlay_alpha=&#8221;50&#8243; gutter_size=&#8221;3&#8243; column_width_percent=&#8221;100&#8243; shift_y=&#8221;0&#8243; z_index=&#8221;0&#8243; uncode_shortcode_id=&#8221;200411&#8243;][vc_column width=&#8221;1\/1&#8243;][vc_row_inner][vc_column_inner column_width_percent=&#8221;100&#8243; gutter_size=&#8221;3&#8243; overlay_alpha=&#8221;50&#8243; shift_x=&#8221;0&#8243; shift_y=&#8221;0&#8243; shift_y_down=&#8221;0&#8243; z_index=&#8221;0&#8243; medium_width=&#8221;0&#8243; mobile_width=&#8221;0&#8243; width=&#8221;1\/4&#8243; uncode_shortcode_id=&#8221;559086&#8243;][vc_custom_heading [&hellip;]<\/p>\n","protected":false},"author":2,"featured_media":0,"parent":0,"menu_order":0,"comment_status":"closed","ping_status":"closed","template":"","meta":{"_monsterinsights_skip_tracking":false,"_monsterinsights_sitenote_active":false,"_monsterinsights_sitenote_note":"","_monsterinsights_sitenote_category":0,"footnotes":""},"page_tag":[],"class_list":["post-132208","page","type-page","status-publish","hentry"],"_links":{"self":[{"href":"https:\/\/lokalist.com\/tr\/wp-json\/wp\/v2\/pages\/132208","targetHints":{"allow":["GET"]}}],"collection":[{"href":"https:\/\/lokalist.com\/tr\/wp-json\/wp\/v2\/pages"}],"about":[{"href":"https:\/\/lokalist.com\/tr\/wp-json\/wp\/v2\/types\/page"}],"author":[{"embeddable":true,"href":"https:\/\/lokalist.com\/tr\/wp-json\/wp\/v2\/users\/2"}],"replies":[{"embeddable":true,"href":"https:\/\/lokalist.com\/tr\/wp-json\/wp\/v2\/comments?post=132208"}],"version-history":[{"count":1,"href":"https:\/\/lokalist.com\/tr\/wp-json\/wp\/v2\/pages\/132208\/revisions"}],"predecessor-version":[{"id":133744,"href":"https:\/\/lokalist.com\/tr\/wp-json\/wp\/v2\/pages\/132208\/revisions\/133744"}],"wp:attachment":[{"href":"https:\/\/lokalist.com\/tr\/wp-json\/wp\/v2\/media?parent=132208"}],"wp:term":[{"taxonomy":"page_tag","embeddable":true,"href":"https:\/\/lokalist.com\/tr\/wp-json\/wp\/v2\/page_tag?post=132208"}],"curies":[{"name":"wp","href":"https:\/\/api.w.org\/{rel}","templated":true}]}}